{"id":50,"date":"2017-12-27T14:21:37","date_gmt":"2017-12-27T14:21:37","guid":{"rendered":"http:\/\/startplan.de\/?page_id=50"},"modified":"2017-12-28T09:04:54","modified_gmt":"2017-12-28T09:04:54","slug":"herzlich-willkommen","status":"publish","type":"page","link":"https:\/\/startplan.de\/","title":{"rendered":"Herzlich willkommen"},"content":{"rendered":"<p><span style=\"color: #4d4d4d;\">Die startplan UG (haftungsbeschr\u00e4nkt) aus Erkelenz bietet Gr\u00fcndercoachings an, um Ihnen den Weg aus der Arbeitslosigkeit in die Selbst\u00e4ndigkeit zu ebnen. Dazu stehen deutschlandweit zugelassene AVGS-Ma\u00dfnahmen zur Verf\u00fcgung. \u00dcber die Aktivierungs- und Vermittlungsgutscheine (AVGS) von der Bundesagentur f\u00fcr Arbeit, dem Jobcenter oder anderen Tr\u00e4gern sozialer Leistungen, k\u00f6nnen sich Gr\u00fcndungsinteressierte kostenlos von uns beraten lassen. <\/span><\/p>\n<p><span style=\"color: #4d4d4d;\">Spezialisiert auf die Betreuung von Gr\u00fcndern und Selbst\u00e4ndigen wissen wir genau, wie Sie Ihren Wunsch von der Unabh\u00e4ngigkeit bestm\u00f6glich realisieren.<\/span><\/p>\n<p style=\"text-align: center;\"><strong>Sprechen Sie uns an &#8211; wir freuen uns auf Sie!<\/strong><\/p>\n<p>&nbsp;<\/p>\n<pre><span style=\"color: #999999;\"><a style=\"color: #999999;\" href=\"http:\/\/startplan.de\/?page_id=36\">Leistungen<\/a>\r\n<a style=\"color: #999999;\" href=\"http:\/\/startplan.de\/?page_id=124\">Gr\u00fcndercoaching<\/a>\r\n<a style=\"color: #999999;\" href=\"http:\/\/startplan.de\/?page_id=116\">AVGS<\/a>\r\n<a style=\"color: #999999;\" href=\"http:\/\/startplan.de\/?page_id=37\">\u00dcber uns<\/a>\r\n<a style=\"color: #999999;\" href=\"http:\/\/startplan.de\/?page_id=67\">Kontakt<\/a>\r\n<a style=\"color: #999999;\" href=\"http:\/\/startplan.de\/?page_id=66\">Impressum<\/a><\/span><\/pre>\n<p>&nbsp;<\/p>\n","protected":false},"excerpt":{"rendered":"<p>Die startplan UG (haftungsbeschr\u00e4nkt) aus Erkelenz bietet Gr\u00fcndercoachings an, um Ihnen den Weg aus der Arbeitslosigkeit in die Selbst\u00e4ndigkeit zu ebnen. Dazu stehen deutschlandweit zugelassene AVGS-Ma\u00dfnahmen zur Verf\u00fcgung. \u00dcber die Aktivierungs- und Vermittlungsgutscheine (AVGS) von der Bundesagentur f\u00fcr Arbeit, dem Jobcenter oder anderen Tr\u00e4gern sozialer Leistungen, k\u00f6nnen sich Gr\u00fcndungsinteressierte kostenlos von uns beraten lassen. Spezialisiert &hellip; <a href=\"https:\/\/startplan.de\/\" class=\"more-link\"><span class=\"screen-reader-text\">Herzlich willkommen<\/span> weiterlesen<\/a><\/p>\n","protected":false},"author":1,"featured_media":0,"parent":0,"menu_order":0,"comment_status":"closed","ping_status":"closed","template":"","meta":[],"_links":{"self":[{"href":"https:\/\/startplan.de\/index.php?rest_route=\/wp\/v2\/pages\/50"}],"collection":[{"href":"https:\/\/startplan.de\/index.php?rest_route=\/wp\/v2\/pages"}],"about":[{"href":"https:\/\/startplan.de\/index.php?rest_route=\/wp\/v2\/types\/page"}],"author":[{"embeddable":true,"href":"https:\/\/startplan.de\/index.php?rest_route=\/wp\/v2\/users\/1"}],"replies":[{"embeddable":true,"href":"https:\/\/startplan.de\/index.php?rest_route=%2Fwp%2Fv2%2Fcomments&post=50"}],"version-history":[{"count":8,"href":"https:\/\/startplan.de\/index.php?rest_route=\/wp\/v2\/pages\/50\/revisions"}],"predecessor-version":[{"id":169,"href":"https:\/\/startplan.de\/index.php?rest_route=\/wp\/v2\/pages\/50\/revisions\/169"}],"wp:attachment":[{"href":"https:\/\/startplan.de\/index.php?rest_route=%2Fwp%2Fv2%2Fmedia&parent=50"}],"curies":[{"name":"wp","href":"https:\/\/api.w.org\/{rel}","templated":true}]}}