{"id":67,"date":"2017-12-27T14:43:28","date_gmt":"2017-12-27T14:43:28","guid":{"rendered":"http:\/\/startplan.de\/?page_id=67"},"modified":"2021-02-09T15:44:54","modified_gmt":"2021-02-09T15:44:54","slug":"kontakt","status":"publish","type":"page","link":"http:\/\/startplan.de\/?page_id=67","title":{"rendered":"Kontakt"},"content":{"rendered":"<p><a href=\"http:\/\/startplan.de\/wp-content\/uploads\/2017\/12\/Logo-startplan-UG-f\u00fcr-HP.tif\"><img loading=\"lazy\" class=\"alignnone size-medium wp-image-101\" src=\"http:\/\/startplan.de\/wp-content\/uploads\/2017\/12\/Logo-startplan-UG-f\u00fcr-HP.tif\" alt=\"\" width=\"1\" height=\"1\" \/><\/a><img loading=\"lazy\" class=\"alignnone wp-image-181\" src=\"http:\/\/startplan.de\/wp-content\/uploads\/2017\/12\/Logo-startplan-UG-Kopie-300x103.jpg\" alt=\"\" width=\"326\" height=\"112\" srcset=\"http:\/\/startplan.de\/wp-content\/uploads\/2017\/12\/Logo-startplan-UG-Kopie-300x103.jpg 300w, http:\/\/startplan.de\/wp-content\/uploads\/2017\/12\/Logo-startplan-UG-Kopie-768x264.jpg 768w, http:\/\/startplan.de\/wp-content\/uploads\/2017\/12\/Logo-startplan-UG-Kopie-1024x351.jpg 1024w\" sizes=\"(max-width: 326px) 100vw, 326px\" \/><\/p>\n<p><span style=\"color: #4d4d4d;\">startplan UG (haftungsbeschr\u00e4nkt)<\/span><br \/>\n<span style=\"color: #4d4d4d;\">S\u00fcdpromenade 25<\/span><br \/>\n<span style=\"color: #4d4d4d;\"> 41812 Erkelenz<\/span><\/p>\n<p><span style=\"color: #4d4d4d;\">Tel.: 02431-974 31 02<\/span><br \/>\n<span style=\"color: #4d4d4d;\"> Fax: 02431-974 31 15<\/span><\/p>\n<p><span style=\"color: #4d4d4d;\">Email: <a style=\"color: #4d4d4d;\" href=\"mailto:info@startplan.de\">info@startplan.de<\/a><\/span><\/p>\n<pre><a href=\"http:\/\/startplan.de\/?page_id=36\"><span style=\"color: #999999;\">Leistungen<\/span><\/a>\n<a href=\"http:\/\/startplan.de\/?page_id=124\"><span style=\"color: #999999;\">Gr\u00fcndercoaching<\/span><\/a>\n<a href=\"http:\/\/startplan.de\/?page_id=116\"><span style=\"color: #999999;\">AVGS<\/span><\/a>\n<a href=\"http:\/\/startplan.de\/?page_id=37\"><span style=\"color: #999999;\">\u00dcber uns<\/span><\/a>\n<a href=\"http:\/\/startplan.de\/?page_id=67\"><span style=\"color: #999999;\">Kontakt<\/span><\/a>\n<a href=\"http:\/\/startplan.de\/?page_id=66\"><span style=\"color: #999999;\">Impressum<\/span><\/a><\/pre>\n","protected":false},"excerpt":{"rendered":"<p>startplan UG (haftungsbeschr\u00e4nkt) S\u00fcdpromenade 25 41812 Erkelenz Tel.: 02431-974 31 02 Fax: 02431-974 31 15 Email: info@startplan.de Leistungen Gr\u00fcndercoaching AVGS \u00dcber uns Kontakt Impressum<\/p>\n","protected":false},"author":1,"featured_media":0,"parent":0,"menu_order":0,"comment_status":"closed","ping_status":"closed","template":"","meta":[],"_links":{"self":[{"href":"http:\/\/startplan.de\/index.php?rest_route=\/wp\/v2\/pages\/67"}],"collection":[{"href":"http:\/\/startplan.de\/index.php?rest_route=\/wp\/v2\/pages"}],"about":[{"href":"http:\/\/startplan.de\/index.php?rest_route=\/wp\/v2\/types\/page"}],"author":[{"embeddable":true,"href":"http:\/\/startplan.de\/index.php?rest_route=\/wp\/v2\/users\/1"}],"replies":[{"embeddable":true,"href":"http:\/\/startplan.de\/index.php?rest_route=%2Fwp%2Fv2%2Fcomments&post=67"}],"version-history":[{"count":8,"href":"http:\/\/startplan.de\/index.php?rest_route=\/wp\/v2\/pages\/67\/revisions"}],"predecessor-version":[{"id":187,"href":"http:\/\/startplan.de\/index.php?rest_route=\/wp\/v2\/pages\/67\/revisions\/187"}],"wp:attachment":[{"href":"http:\/\/startplan.de\/index.php?rest_route=%2Fwp%2Fv2%2Fmedia&parent=67"}],"curies":[{"name":"wp","href":"https:\/\/api.w.org\/{rel}","templated":true}]}}