{"id":36,"date":"2017-12-27T14:10:36","date_gmt":"2017-12-27T14:10:36","guid":{"rendered":"http:\/\/startplan.de\/?page_id=36"},"modified":"2021-09-27T14:47:57","modified_gmt":"2021-09-27T14:47:57","slug":"leistungen","status":"publish","type":"page","link":"http:\/\/startplan.de\/?page_id=36","title":{"rendered":"Leistungen"},"content":{"rendered":"<p><span style=\"color: #4d4d4d;\">Wir\u00a0bieten <a style=\"color: #4d4d4d;\" href=\"http:\/\/startplan.de\/?page_id=124\">Coachings f\u00fcr Gr\u00fcnder<\/a> an und helfen Ihnen den Weg in Ihre Selbst\u00e4ndigkeit zu ebnen.\u00a0Wir sind auf die Betreuung von Gr\u00fcndern und Selbst\u00e4ndigen spezialisiert und wissen so genau, wie Sie Ihren Wunsch von der Unabh\u00e4ngigkeit bestm\u00f6glich realisieren k\u00f6nnen.<\/span><\/p>\n<p><span style=\"color: #4d4d4d;\"><a style=\"color: #4d4d4d;\" href=\"http:\/\/startplan.de\/?page_id=116\">AVGS Gutscheine<\/a>, welche die kostenlose Beratung f\u00fcr Gr\u00fcnder erm\u00f6glichen, erhalten Sie beim Arbeitsamt, Jobcenter sowie bei weiteren sozialen Tr\u00e4gern. Gern helfen wir Ihnen bei der Beantragung.<\/span><\/p>\n<p><span style=\"color: #4d4d4d;\">Sichern Sie sich <strong>bis zu 120 Stunden kostenloses Coaching<\/strong>!<\/span><\/p>\n<pre><a href=\"http:\/\/startplan.de\/?page_id=36\"><span style=\"color: #999999;\">Leistungen<\/span><\/a>\n<a href=\"http:\/\/startplan.de\/?page_id=124\"><span style=\"color: #999999;\">Gr\u00fcndercoaching<\/span><\/a>\n<a href=\"http:\/\/startplan.de\/?page_id=116\"><span style=\"color: #999999;\">AVGS<\/span><\/a>\n<a href=\"http:\/\/startplan.de\/?page_id=37\"><span style=\"color: #999999;\">\u00dcber uns<\/span><\/a>\n<a href=\"http:\/\/startplan.de\/?page_id=67\"><span style=\"color: #999999;\">Kontakt<\/span><\/a>\n<a href=\"http:\/\/startplan.de\/?page_id=66\"><span style=\"color: #999999;\">Impressum<\/span><\/a><\/pre>\n","protected":false},"excerpt":{"rendered":"<p>Wir\u00a0bieten Coachings f\u00fcr Gr\u00fcnder an und helfen Ihnen den Weg in Ihre Selbst\u00e4ndigkeit zu ebnen.\u00a0Wir sind auf die Betreuung von Gr\u00fcndern und Selbst\u00e4ndigen spezialisiert und wissen so genau, wie Sie Ihren Wunsch von der Unabh\u00e4ngigkeit bestm\u00f6glich realisieren k\u00f6nnen. AVGS Gutscheine, welche die kostenlose Beratung f\u00fcr Gr\u00fcnder erm\u00f6glichen, erhalten Sie beim Arbeitsamt, Jobcenter sowie bei weiteren &hellip; <a href=\"http:\/\/startplan.de\/?page_id=36\" class=\"more-link\"><span class=\"screen-reader-text\">Leistungen<\/span> weiterlesen<\/a><\/p>\n","protected":false},"author":1,"featured_media":0,"parent":0,"menu_order":0,"comment_status":"closed","ping_status":"closed","template":"","meta":[],"_links":{"self":[{"href":"http:\/\/startplan.de\/index.php?rest_route=\/wp\/v2\/pages\/36"}],"collection":[{"href":"http:\/\/startplan.de\/index.php?rest_route=\/wp\/v2\/pages"}],"about":[{"href":"http:\/\/startplan.de\/index.php?rest_route=\/wp\/v2\/types\/page"}],"author":[{"embeddable":true,"href":"http:\/\/startplan.de\/index.php?rest_route=\/wp\/v2\/users\/1"}],"replies":[{"embeddable":true,"href":"http:\/\/startplan.de\/index.php?rest_route=%2Fwp%2Fv2%2Fcomments&post=36"}],"version-history":[{"count":11,"href":"http:\/\/startplan.de\/index.php?rest_route=\/wp\/v2\/pages\/36\/revisions"}],"predecessor-version":[{"id":194,"href":"http:\/\/startplan.de\/index.php?rest_route=\/wp\/v2\/pages\/36\/revisions\/194"}],"wp:attachment":[{"href":"http:\/\/startplan.de\/index.php?rest_route=%2Fwp%2Fv2%2Fmedia&parent=36"}],"curies":[{"name":"wp","href":"https:\/\/api.w.org\/{rel}","templated":true}]}}