{"id":124,"date":"2017-12-27T23:18:14","date_gmt":"2017-12-27T23:18:14","guid":{"rendered":"http:\/\/startplan.de\/?page_id=124"},"modified":"2021-02-09T16:08:41","modified_gmt":"2021-02-09T16:08:41","slug":"gruendercoaching","status":"publish","type":"page","link":"http:\/\/startplan.de\/?page_id=124","title":{"rendered":"Gr\u00fcndercoaching"},"content":{"rendered":"<p><span style=\"color: #4d4d4d;\"><strong>Sie \u00fcberlegen, sich selbstst\u00e4ndig zu machen, haben aber noch zahlreiche ungekl\u00e4rte Fragen im Kopf?<\/strong><\/span><\/p>\n<p><span style=\"color: #4d4d4d;\">Unser Gr\u00fcndercoaching\u00a0umfasst individuelle Beratungsleistungen in der Vorgr\u00fcndungsphase, die Sie <strong>bestm\u00f6glich auf eine m\u00f6gliche Existenzgr\u00fcndung vorbereiten<\/strong>.<\/span><\/p>\n<p><span style=\"color: #4d4d4d;\">Unser Ziel ist es, die M\u00f6glichkeit einer Unternehmensgr\u00fcndung f\u00fcr\u00a0Sie als nachhaltige Existenzgrundlage zu betrachten und abzuw\u00e4gen, aber auch Defizite aufzuzeigen und mittels individueller Schulungen abzubauen.<\/span><\/p>\n<p><span style=\"color: #4d4d4d;\">Schwerpunkte unserer Existenzgr\u00fcndungsberatung sind dabei die Entwicklung eines marktf\u00e4higen Gesch\u00e4ftsmodells, die Betrachtung sowie kaufm\u00e4nnische Schulung der Gr\u00fcnderperson, die Erarbeitung einer umsetzbaren Marketing- und Markteintrittsstrategie, die Ber\u00fccksichtigung von F\u00f6rdermitteln und nat\u00fcrlich die Weiterentwicklung Ihres Businessplans sowie der Wirtschaftlichkeitsprognose.<\/span><\/p>\n<div>\n<p><span style=\"color: #4d4d4d;\">Die aktuell <strong>6 verschiedenen Ma\u00dfnahmen<\/strong> variieren von 20 bis zu 64 individuellen Beratungsstunden (je 45 min) in einem Zeitraum von maximal 8 Wochen. Die Termine werden zwischen\u00a0Ihnen und uns\u00a0individuell und nach Bedarf abgestimmt. Es stehen verschiedenste Ma\u00dfnahmenl\u00e4ngen zur Verf\u00fcgung, um Ihnen bedarfsgerecht helfen zu k\u00f6nnen.<\/span><\/p>\n<p><span style=\"color: #4d4d4d;\">Es fallen <strong>keine Kosten f\u00fcr Sie\u00a0<\/strong>an, da diese \u00fcber den AVGS abgedeckt werden. Um die Abwicklung und Abrechnung der Ma\u00dfnahme k\u00fcmmern wir uns.<\/span><\/p>\n<div>\n<p><span style=\"color: #4d4d4d;\"><strong>Vereinbaren Sie einen Ersttermin mit uns.<\/strong> Hierbei definieren wir gemeinsam die f\u00fcr Sie wichtigen Themenkomplexe.<\/span><\/p>\n<p><span style=\"color: #4d4d4d;\">An den <strong>individuell mit Ihnen abgestimmten Terminen<\/strong>\u00a0werden Sie in unseren R\u00e4umlichkeiten beraten.<\/span><\/p>\n<p><span style=\"color: #4d4d4d;\">Als langj\u00e4hrig t\u00e4tige Gr\u00fcndungs- und Unternehmensberatung wissen wir, wie wichtig eine gute Vorbereitung f\u00fcr eine erfolgreiche Existenzgr\u00fcndung ist.<\/span><\/p>\n<p style=\"text-align: center;\"><strong>Mit uns haben Sie den richtigen Partner f\u00fcr einen erfolgreichen Start in die Selbst\u00e4ndigkeit an Ihrer Seite!<\/strong><\/p>\n<pre><a href=\"http:\/\/startplan.de\/?page_id=36\"><span style=\"color: #999999;\">Leistungen<\/span><\/a>\n<a href=\"http:\/\/startplan.de\/?page_id=124\"><span style=\"color: #999999;\">Gr\u00fcndercoaching<\/span><\/a>\n<a href=\"http:\/\/startplan.de\/?page_id=116\"><span style=\"color: #999999;\">AVGS<\/span><\/a>\n<a href=\"http:\/\/startplan.de\/?page_id=37\"><span style=\"color: #999999;\">\u00dcber uns<\/span><\/a>\n<a href=\"http:\/\/startplan.de\/?page_id=67\"><span style=\"color: #999999;\">Kontakt<\/span><\/a>\n<a href=\"http:\/\/startplan.de\/?page_id=66\"><span style=\"color: #999999;\">Impressum<\/span><\/a><\/pre>\n<\/div>\n<\/div>\n","protected":false},"excerpt":{"rendered":"<p>Sie \u00fcberlegen, sich selbstst\u00e4ndig zu machen, haben aber noch zahlreiche ungekl\u00e4rte Fragen im Kopf? Unser Gr\u00fcndercoaching\u00a0umfasst individuelle Beratungsleistungen in der Vorgr\u00fcndungsphase, die Sie bestm\u00f6glich auf eine m\u00f6gliche Existenzgr\u00fcndung vorbereiten. Unser Ziel ist es, die M\u00f6glichkeit einer Unternehmensgr\u00fcndung f\u00fcr\u00a0Sie als nachhaltige Existenzgrundlage zu betrachten und abzuw\u00e4gen, aber auch Defizite aufzuzeigen und mittels individueller Schulungen abzubauen. Schwerpunkte &hellip; <a href=\"http:\/\/startplan.de\/?page_id=124\" class=\"more-link\"><span class=\"screen-reader-text\">Gr\u00fcndercoaching<\/span> weiterlesen<\/a><\/p>\n","protected":false},"author":1,"featured_media":0,"parent":0,"menu_order":0,"comment_status":"closed","ping_status":"closed","template":"","meta":[],"_links":{"self":[{"href":"http:\/\/startplan.de\/index.php?rest_route=\/wp\/v2\/pages\/124"}],"collection":[{"href":"http:\/\/startplan.de\/index.php?rest_route=\/wp\/v2\/pages"}],"about":[{"href":"http:\/\/startplan.de\/index.php?rest_route=\/wp\/v2\/types\/page"}],"author":[{"embeddable":true,"href":"http:\/\/startplan.de\/index.php?rest_route=\/wp\/v2\/users\/1"}],"replies":[{"embeddable":true,"href":"http:\/\/startplan.de\/index.php?rest_route=%2Fwp%2Fv2%2Fcomments&post=124"}],"version-history":[{"count":7,"href":"http:\/\/startplan.de\/index.php?rest_route=\/wp\/v2\/pages\/124\/revisions"}],"predecessor-version":[{"id":190,"href":"http:\/\/startplan.de\/index.php?rest_route=\/wp\/v2\/pages\/124\/revisions\/190"}],"wp:attachment":[{"href":"http:\/\/startplan.de\/index.php?rest_route=%2Fwp%2Fv2%2Fmedia&parent=124"}],"curies":[{"name":"wp","href":"https:\/\/api.w.org\/{rel}","templated":true}]}}